{"id":111,"date":"2020-06-18T09:15:37","date_gmt":"2020-06-18T07:15:37","guid":{"rendered":"http:\/\/schulprojekt.fischersmarketing.de\/?page_id=111"},"modified":"2024-03-14T18:42:16","modified_gmt":"2024-03-14T17:42:16","slug":"kosten","status":"publish","type":"page","link":"https:\/\/schulprojekt.fischersmarketing.de\/de\/kosten\/","title":{"rendered":"Die Kosten"},"content":{"rendered":"\n<p>Wie bei jedem Bauprojekt sind die Werte zun\u00e4chst auf Grundlage von bisherigen Projekten kalkuliert und gesch\u00e4tzt worden und stellen daher noch keine Endkosten dar. Bitte haben Sie Verst\u00e4ndnis, wenn im Kongo aufgrund von Unvorhergesehenem die tats\u00e4chlichen Kosten abweichen.  <\/p>\n\n\n\n<p><strong>Ihre Spende kommt zu 100% dem Projekt zu gute. Kosten f\u00fcr \u00dcberweisungen \u00fcbernehmen die Kirchengemeinden.<\/strong><\/p>\n\n\n\n<p>\u2022 Bauteil Nord und S\u00fcd mit jeweils 5 Klassenzimmern kosten laut der ersten Kalkulation jeweils 117.768\u20ac. Abz\u00fcglich der Eigenleistungen (39.491\u20ac) durch die Bewohner und Taraginis und der Organisation ACDC wird mit ca. 78.277\u20ac pro Bauteil gerechnet. <\/p>\n\n\n\n<p>\u2022 Bauteil West mit 4 Klassenzimmer kostet nach Abzug der Eigenleistungen laut der ersten Kalkulation 61.562\u20ac. <\/p>\n\n\n\n<p>\u2022 F\u00fcr den Verwaltungsteil mit Funktionsr\u00e4umen, wie Toiletten, Mensa, etc. kalkuliert man mit 114.763\u20ac. <\/p>\n\n\n\n<p>Gebaut wird nur das, was mit Spenden erwirtschaftet wird. Je mehr Spenden zusammenkommen, umso mehr Geb\u00e4ude\/Zimmer k\u00f6nnen nach und nach entstehen.&nbsp;<\/p>\n\n\n\n<p>Auch Sachspenden f\u00fcr die Inneneinrichtung und Equipment, wie Computer, B\u00fccher, Lernmaterial werden sehr gerne angenommen und gesammelt mit einem Container in den Kongo transportiert!<\/p>\n\n\n\n<p><strong>N\u00e4here Informationen erhalten Sie \u00fcber die katholische Kirchengemeinde Waldenbuch-Steinenbronn.<\/strong><\/p>\n","protected":false},"excerpt":{"rendered":"<p>Wie bei jedem Bauprojekt sind die Werte zun\u00e4chst auf Grundlage von bisherigen Projekten kalkuliert und gesch\u00e4tzt worden und stellen daher noch keine Endkosten dar. Bitte haben Sie Verst\u00e4ndnis, wenn im Kongo aufgrund von Unvorhergesehenem die tats\u00e4chlichen Kosten abweichen. Ihre Spende kommt zu 100% dem Projekt zu gute. Kosten f\u00fcr \u00dcberweisungen \u00fcbernehmen die Kirchengemeinden. \u2022 Bauteil &hellip; <\/p>\n","protected":false},"author":1,"featured_media":516,"parent":0,"menu_order":0,"comment_status":"closed","ping_status":"closed","template":"","meta":{"footnotes":""},"class_list":["post-111","page","type-page","status-publish","has-post-thumbnail","hentry"],"translation":{"provider":"WPGlobus","version":"3.0.0","language":"de","enabled_languages":["en","es","de","fr","ru"],"languages":{"en":{"title":true,"content":true,"excerpt":false},"es":{"title":false,"content":false,"excerpt":false},"de":{"title":true,"content":true,"excerpt":false},"fr":{"title":false,"content":false,"excerpt":false},"ru":{"title":false,"content":false,"excerpt":false}}},"jetpack_sharing_enabled":true,"_links":{"self":[{"href":"https:\/\/schulprojekt.fischersmarketing.de\/de\/wp-json\/wp\/v2\/pages\/111","targetHints":{"allow":["GET"]}}],"collection":[{"href":"https:\/\/schulprojekt.fischersmarketing.de\/de\/wp-json\/wp\/v2\/pages"}],"about":[{"href":"https:\/\/schulprojekt.fischersmarketing.de\/de\/wp-json\/wp\/v2\/types\/page"}],"author":[{"embeddable":true,"href":"https:\/\/schulprojekt.fischersmarketing.de\/de\/wp-json\/wp\/v2\/users\/1"}],"replies":[{"embeddable":true,"href":"https:\/\/schulprojekt.fischersmarketing.de\/de\/wp-json\/wp\/v2\/comments?post=111"}],"version-history":[{"count":17,"href":"https:\/\/schulprojekt.fischersmarketing.de\/de\/wp-json\/wp\/v2\/pages\/111\/revisions"}],"predecessor-version":[{"id":976,"href":"https:\/\/schulprojekt.fischersmarketing.de\/de\/wp-json\/wp\/v2\/pages\/111\/revisions\/976"}],"wp:featuredmedia":[{"embeddable":true,"href":"https:\/\/schulprojekt.fischersmarketing.de\/de\/wp-json\/wp\/v2\/media\/516"}],"wp:attachment":[{"href":"https:\/\/schulprojekt.fischersmarketing.de\/de\/wp-json\/wp\/v2\/media?parent=111"}],"curies":[{"name":"wp","href":"https:\/\/api.w.org\/{rel}","templated":true}]}}