{"id":121,"date":"2020-06-18T09:20:32","date_gmt":"2020-06-18T07:20:32","guid":{"rendered":"http:\/\/schulprojekt.fischersmarketing.de\/?page_id=121"},"modified":"2021-10-07T14:29:31","modified_gmt":"2021-10-07T12:29:31","slug":"die-unterstuetzer","status":"publish","type":"page","link":"https:\/\/schulprojekt.fischersmarketing.de\/de\/die-unterstuetzer\/","title":{"rendered":"Die Unterst\u00fctzer"},"content":{"rendered":"\n<p>Unser Schulprojekt in Taragini wird unterst\u00fctzt von: dem Bistum Rottenburg-Stuttgart, der Stiftung SEZ, dem Landkreis B\u00f6blingen, den Kirchengemeinden der Seelsorgeeinheit Sch\u00f6nbuchlichtung und vielen Spendern. <\/p>\n\n\n\n<p>Mit dieser Grundlage konnten die ersten Bauabschnitte begonnen werden.<\/p>\n\n\n\n<p>Werden auch Sie Teil den Projektes und bauen Sie mit uns f\u00fcr die Zukunft der Kinder und Jugendlichen in Taragini, Kongo. <\/p>\n\n\n\n<p>Mit Ihrer Spende sichern Sie sich zudem einen zeitlosen und f\u00fcr ewig dankbaren Ehrenplatz auf dem Spendenstein in der Mitte des Schulhofs. Platzieren Sie Ihren eigenen Namen, den Ihrer Firma, Ihrer Stiftung, Ihrer Schulklasse oder der ganzen Schule und helfen Sie mit Ihrer Spende Generationen von Kindern und damit gleichzeitig vielen Familien im Kongo. <\/p>\n\n\n\n<p><strong>Denn Bildung ist die beste und nachhaltigste Entwicklungshilfe! <\/strong><\/p>\n\n\n\n<hr class=\"wp-block-separator\"\/>\n\n\n\n<h2 class=\"wp-block-heading\">Aktueller Stand<\/h2>\n\n\n\n<div style=\"height:22px\" aria-hidden=\"true\" class=\"wp-block-spacer\"><\/div>\n\n\n\n<h4 class=\"wp-block-heading\">Katholische Kirchengemeinden <\/h4>\n\n\n\n<p>Weil\/Dettenhausen, Waldenbuch\/Steinenbronn, Sch\u00f6naich und Holzgerlingen: \u00fcber 30.000\u20ac*<\/p>\n\n\n\n<p>*Stand: 01.12.2020 <\/p>\n\n\n\n<hr class=\"wp-block-separator\"\/>\n\n\n\n<h4 class=\"wp-block-heading\">Stiftungen<\/h4>\n\n\n\n<p>\u2022 Stiftung Entwicklungs-Zusammenarbeit Baden-W\u00fcrttemberg (SEZ): 16.644\u20ac <\/p>\n\n\n\n<div class=\"wp-block-image\"><figure class=\"aligncenter size-large\"><img loading=\"lazy\" decoding=\"async\" width=\"141\" height=\"121\" src=\"https:\/\/schulprojekt.fischersmarketing.de\/wp-content\/uploads\/2020\/12\/Logo_Klassik_SEZ_4c-1.jpg\" alt=\"\" class=\"wp-image-638\" srcset=\"https:\/\/schulprojekt.fischersmarketing.de\/wp-content\/uploads\/2020\/12\/Logo_Klassik_SEZ_4c-1.jpg 141w, https:\/\/schulprojekt.fischersmarketing.de\/wp-content\/uploads\/2020\/12\/Logo_Klassik_SEZ_4c-1-70x60.jpg 70w\" sizes=\"auto, (max-width: 141px) 100vw, 141px\" \/><\/figure><\/div>\n\n\n\n<hr class=\"wp-block-separator\"\/>\n\n\n\n<h4 class=\"wp-block-heading\">Bistum Rottenburg-Stuttgart<\/h4>\n\n\n\n<p>\u2022 Bistum Rottenburg: 35.000\u20ac <\/p>\n\n\n\n<div class=\"wp-block-image\"><figure class=\"aligncenter size-large\"><img loading=\"lazy\" decoding=\"async\" width=\"200\" height=\"91\" src=\"https:\/\/schulprojekt.fischersmarketing.de\/wp-content\/uploads\/2020\/11\/image-3.png\" alt=\"\" class=\"wp-image-605\" srcset=\"https:\/\/schulprojekt.fischersmarketing.de\/wp-content\/uploads\/2020\/11\/image-3.png 200w, https:\/\/schulprojekt.fischersmarketing.de\/wp-content\/uploads\/2020\/11\/image-3-132x60.png 132w\" sizes=\"auto, (max-width: 200px) 100vw, 200px\" \/><\/figure><\/div>\n\n\n\n<div class=\"wp-block-image\"><figure class=\"aligncenter size-large is-resized\"><img loading=\"lazy\" decoding=\"async\" src=\"http:\/\/schulprojekt.fischersmarketing.de\/wp-content\/uploads\/2020\/06\/Logo-DRS-4-farbig-Di\u00c2zese-schwarz-1-1024x451.jpg\" alt=\"\" class=\"wp-image-177\" width=\"268\" height=\"118\" srcset=\"https:\/\/schulprojekt.fischersmarketing.de\/wp-content\/uploads\/2020\/06\/Logo-DRS-4-farbig-Di\u00c2zese-schwarz-1-1024x451.jpg 1024w, https:\/\/schulprojekt.fischersmarketing.de\/wp-content\/uploads\/2020\/06\/Logo-DRS-4-farbig-Di\u00c2zese-schwarz-1-300x132.jpg 300w, https:\/\/schulprojekt.fischersmarketing.de\/wp-content\/uploads\/2020\/06\/Logo-DRS-4-farbig-Di\u00c2zese-schwarz-1-768x338.jpg 768w, https:\/\/schulprojekt.fischersmarketing.de\/wp-content\/uploads\/2020\/06\/Logo-DRS-4-farbig-Di\u00c2zese-schwarz-1-1536x676.jpg 1536w, https:\/\/schulprojekt.fischersmarketing.de\/wp-content\/uploads\/2020\/06\/Logo-DRS-4-farbig-Di\u00c2zese-schwarz-1-136x60.jpg 136w, https:\/\/schulprojekt.fischersmarketing.de\/wp-content\/uploads\/2020\/06\/Logo-DRS-4-farbig-Di\u00c2zese-schwarz-1.jpg 1600w\" sizes=\"auto, (max-width: 268px) 100vw, 268px\" \/><\/figure><\/div>\n\n\n\n<hr class=\"wp-block-separator\"\/>\n\n\n\n<div style=\"height:100px\" aria-hidden=\"true\" class=\"wp-block-spacer\"><\/div>\n\n\n\n<h4 class=\"wp-block-heading\">Daimler AG<\/h4>\n\n\n\n<p>ProCent-Gremien<\/p>\n\n\n\n<p><\/p>\n\n\n\n<p>F\u00fcr die Ausstattung der Grundschule: 30.000\u20ac <\/p>\n","protected":false},"excerpt":{"rendered":"<p>Unser Schulprojekt in Taragini wird unterst\u00fctzt von: dem Bistum Rottenburg-Stuttgart, der Stiftung SEZ, dem Landkreis B\u00f6blingen, den Kirchengemeinden der Seelsorgeeinheit Sch\u00f6nbuchlichtung und vielen Spendern. Mit dieser Grundlage konnten die ersten Bauabschnitte begonnen werden. Werden auch Sie Teil den Projektes und bauen Sie mit uns f\u00fcr die Zukunft der Kinder und Jugendlichen in Taragini, Kongo. Mit &hellip; <\/p>\n","protected":false},"author":1,"featured_media":515,"parent":0,"menu_order":0,"comment_status":"closed","ping_status":"closed","template":"","meta":{"footnotes":""},"class_list":["post-121","page","type-page","status-publish","has-post-thumbnail","hentry"],"translation":{"provider":"WPGlobus","version":"3.0.0","language":"de","enabled_languages":["en","es","de","fr","ru"],"languages":{"en":{"title":true,"content":true,"excerpt":false},"es":{"title":false,"content":false,"excerpt":false},"de":{"title":false,"content":false,"excerpt":false},"fr":{"title":false,"content":false,"excerpt":false},"ru":{"title":false,"content":false,"excerpt":false}}},"jetpack_sharing_enabled":true,"_links":{"self":[{"href":"https:\/\/schulprojekt.fischersmarketing.de\/de\/wp-json\/wp\/v2\/pages\/121","targetHints":{"allow":["GET"]}}],"collection":[{"href":"https:\/\/schulprojekt.fischersmarketing.de\/de\/wp-json\/wp\/v2\/pages"}],"about":[{"href":"https:\/\/schulprojekt.fischersmarketing.de\/de\/wp-json\/wp\/v2\/types\/page"}],"author":[{"embeddable":true,"href":"https:\/\/schulprojekt.fischersmarketing.de\/de\/wp-json\/wp\/v2\/users\/1"}],"replies":[{"embeddable":true,"href":"https:\/\/schulprojekt.fischersmarketing.de\/de\/wp-json\/wp\/v2\/comments?post=121"}],"version-history":[{"count":20,"href":"https:\/\/schulprojekt.fischersmarketing.de\/de\/wp-json\/wp\/v2\/pages\/121\/revisions"}],"predecessor-version":[{"id":766,"href":"https:\/\/schulprojekt.fischersmarketing.de\/de\/wp-json\/wp\/v2\/pages\/121\/revisions\/766"}],"wp:featuredmedia":[{"embeddable":true,"href":"https:\/\/schulprojekt.fischersmarketing.de\/de\/wp-json\/wp\/v2\/media\/515"}],"wp:attachment":[{"href":"https:\/\/schulprojekt.fischersmarketing.de\/de\/wp-json\/wp\/v2\/media?parent=121"}],"curies":[{"name":"wp","href":"https:\/\/api.w.org\/{rel}","templated":true}]}}