{"id":2,"date":"2020-03-04T16:18:33","date_gmt":"2020-03-04T15:18:33","guid":{"rendered":"http:\/\/schulprojekt.fischersmarketing.de\/?page_id=2"},"modified":"2020-11-15T09:22:45","modified_gmt":"2020-11-15T08:22:45","slug":"beispiel-seite","status":"publish","type":"page","link":"https:\/\/schulprojekt.fischersmarketing.de\/de\/beispiel-seite\/","title":{"rendered":"Wo liegt Taragini?"},"content":{"rendered":"\n<p>\u2022 Taragini liegt im Nordosten der Demokratischen Republik Kongo. <\/p>\n\n\n\n<p>\u2022 Die Stadt hat 10.000 Einwohner mit mehr als 70% Kindern und Jugendlichen. <\/p>\n\n\n\n<p>\u2022 Die n\u00e4chstgr\u00f6\u00dfere Stadt mit einer (Grund-)Schule ist Yakoma in 25km Entfernung. <\/p>\n\n\n\n<p>\u2022 Es gibt nur eine Stra\u00dfe von Yakoma nach Taragini.&nbsp;<\/p>\n\n\n\n<figure class=\"wp-block-image size-large\"><img loading=\"lazy\" decoding=\"async\" width=\"950\" height=\"1007\" src=\"https:\/\/schulprojekt.fischersmarketing.de\/wp-content\/uploads\/2020\/11\/Bildschirmfoto-2019-12-10-um-21.06.27.png\" alt=\"\" class=\"wp-image-448\" srcset=\"https:\/\/schulprojekt.fischersmarketing.de\/wp-content\/uploads\/2020\/11\/Bildschirmfoto-2019-12-10-um-21.06.27.png 950w, https:\/\/schulprojekt.fischersmarketing.de\/wp-content\/uploads\/2020\/11\/Bildschirmfoto-2019-12-10-um-21.06.27-283x300.png 283w, https:\/\/schulprojekt.fischersmarketing.de\/wp-content\/uploads\/2020\/11\/Bildschirmfoto-2019-12-10-um-21.06.27-768x814.png 768w, https:\/\/schulprojekt.fischersmarketing.de\/wp-content\/uploads\/2020\/11\/Bildschirmfoto-2019-12-10-um-21.06.27-57x60.png 57w, https:\/\/schulprojekt.fischersmarketing.de\/wp-content\/uploads\/2020\/11\/Bildschirmfoto-2019-12-10-um-21.06.27-600x636.png 600w\" sizes=\"auto, (max-width: 950px) 100vw, 950px\" \/><figcaption>Taragini liegt im Herzen Afrikas<br>Quelle: Google Maps<\/figcaption><\/figure>\n\n\n\n<p><\/p>\n","protected":false},"excerpt":{"rendered":"<p>\u2022 Taragini liegt im Nordosten der Demokratischen Republik Kongo. \u2022 Die Stadt hat 10.000 Einwohner mit mehr als 70% Kindern und Jugendlichen. \u2022 Die n\u00e4chstgr\u00f6\u00dfere Stadt mit einer (Grund-)Schule ist Yakoma in 25km Entfernung. \u2022 Es gibt nur eine Stra\u00dfe von Yakoma nach Taragini.&nbsp;<\/p>\n","protected":false},"author":1,"featured_media":453,"parent":0,"menu_order":0,"comment_status":"closed","ping_status":"open","template":"","meta":{"footnotes":""},"class_list":["post-2","page","type-page","status-publish","has-post-thumbnail","hentry"],"translation":{"provider":"WPGlobus","version":"3.0.0","language":"de","enabled_languages":["en","es","de","fr","ru"],"languages":{"en":{"title":true,"content":true,"excerpt":false},"es":{"title":false,"content":false,"excerpt":false},"de":{"title":false,"content":false,"excerpt":false},"fr":{"title":false,"content":false,"excerpt":false},"ru":{"title":false,"content":false,"excerpt":false}}},"jetpack_sharing_enabled":true,"_links":{"self":[{"href":"https:\/\/schulprojekt.fischersmarketing.de\/de\/wp-json\/wp\/v2\/pages\/2","targetHints":{"allow":["GET"]}}],"collection":[{"href":"https:\/\/schulprojekt.fischersmarketing.de\/de\/wp-json\/wp\/v2\/pages"}],"about":[{"href":"https:\/\/schulprojekt.fischersmarketing.de\/de\/wp-json\/wp\/v2\/types\/page"}],"author":[{"embeddable":true,"href":"https:\/\/schulprojekt.fischersmarketing.de\/de\/wp-json\/wp\/v2\/users\/1"}],"replies":[{"embeddable":true,"href":"https:\/\/schulprojekt.fischersmarketing.de\/de\/wp-json\/wp\/v2\/comments?post=2"}],"version-history":[{"count":8,"href":"https:\/\/schulprojekt.fischersmarketing.de\/de\/wp-json\/wp\/v2\/pages\/2\/revisions"}],"predecessor-version":[{"id":595,"href":"https:\/\/schulprojekt.fischersmarketing.de\/de\/wp-json\/wp\/v2\/pages\/2\/revisions\/595"}],"wp:featuredmedia":[{"embeddable":true,"href":"https:\/\/schulprojekt.fischersmarketing.de\/de\/wp-json\/wp\/v2\/media\/453"}],"wp:attachment":[{"href":"https:\/\/schulprojekt.fischersmarketing.de\/de\/wp-json\/wp\/v2\/media?parent=2"}],"curies":[{"name":"wp","href":"https:\/\/api.w.org\/{rel}","templated":true}]}}