{"id":111,"date":"2020-06-18T09:15:37","date_gmt":"2020-06-18T07:15:37","guid":{"rendered":"http:\/\/schulprojekt.fischersmarketing.de\/?page_id=111"},"modified":"2024-03-14T18:42:16","modified_gmt":"2024-03-14T17:42:16","slug":"kosten","status":"publish","type":"page","link":"https:\/\/schulprojekt.fischersmarketing.de\/fr\/kosten\/","title":{"rendered":"Die Kosten"},"content":{"rendered":"\n<p>Wie bei jedem Bauprojekt sind die Werte zun\u00e4chst auf Grundlage von bisherigen Projekten kalkuliert und gesch\u00e4tzt worden und stellen daher noch keine Endkosten dar. Bitte haben Sie Verst\u00e4ndnis, wenn im Kongo aufgrund von Unvorhergesehenem die tats\u00e4chlichen Kosten abweichen.  <\/p>\n\n\n\n<p><strong>Ihre Spende kommt zu 100% dem Projekt zu gute. Kosten f\u00fcr \u00dcberweisungen \u00fcbernehmen die Kirchengemeinden.<\/strong><\/p>\n\n\n\n<p><strong>Bauteil West<\/strong> mit 4 Klassenzimmer kostet 113.097 US$ und nach Abzug der Eigenleistungen laut der ersten Kalkulation 73.131 US$ = 62.834,15\u20ac. Hiervon wurden 26.381,10\u20ac von der Gemeinde Weil\/Dettenhausen und SEZ finanziert.<\/p>\n\n\n\n<p><strong>Bauteil Nord<\/strong> mit 5 Klassenzimmern kostet laut der Kalkulation 129.341 US$ und konnte durch Eigenleistungen auf 104.432,90 US$ reduziert werden (94.584,90\u20ac). Davon wurden bisher 73.798,85\u20ac u.a. von den Kirchengemeinden Waldenbuch\/Steinenbronn, Sch\u00f6naich, Holzgerlingen zusammengetragen inkl. 35.000\u20ac von der Di\u00f6zese Rottenburg\/Stuttgart.  <\/p>\n\n\n\n<p><strong>Bauteil S\u00fcd<\/strong> mit 5 Klassenzimmern kosten laut Kalkulation Kalkulation 129.341 US$ und konnte durch Eigenleistungen auf 107.026,30 US$ reduziert werden. Davon wurden bisher 65.000\u20ac von der Di\u00f6zese Rottenburg\/Stuttgart finanziert. <\/p>\n\n\n\n<p><strong>Bauteil Ost<\/strong> mit den Funktionsr\u00e4umen kostet 174.164,20 US$ wurde aktualisiert auf 184.420 US$. Davon haben wir bisher ca. 85.000\u20ac inkl. 10.000\u20ac von der Erzbistum M\u00fcnchen und Spenden von der Kirchengemeinden Weil\/Dettenhausen und Waldenbuch\/Steinenbronn, der EineWelt-Gruppe Waldenbuch und dem Verschenkmarkt Waldenbuch, Evangelische Akademikerschaft T\u00fcbingen gesammelt.  <\/p>\n\n\n\n<p><strong>Sanit\u00e4re Einrichtungen<\/strong> wurden von der Di\u00f6zese Rottenburg mit 44.000\u20ac unterst\u00fctzt.<\/p>\n\n\n\n<p>Das Landratsamt B\u00f6blingen hat jedes Jahr 1.000\u20ac &#8211; 2000\u20ac gespendet.<\/p>\n\n\n\n<p>Weiterhin hat Daimler Prozent 30.000\u20ac f\u00fcr <strong>Schulb\u00e4nke<\/strong> gespendet.<\/p>\n\n\n\n<p>Gebaut wird nur das, was mit Spenden erwirtschaftet wird. Je mehr Spenden zusammenkommen, umso mehr Geb\u00e4ude\/Zimmer k\u00f6nnen nach und nach entstehen.&nbsp;<\/p>\n\n\n\n<p>Auch Sachspenden f\u00fcr die Inneneinrichtung und Equipment, wie Computer, B\u00fccher, Lernmaterial werden sehr gerne angenommen und gesammelt mit einem Container in den Kongo transportiert!<\/p>\n\n\n\n<p><strong>N\u00e4here Informationen erhalten Sie \u00fcber die katholische Kirchengemeinden der Sch\u00f6nbuchlichtung. <\/strong><\/p>\n","protected":false},"excerpt":{"rendered":"<p>Wie bei jedem Bauprojekt sind die Werte zun\u00e4chst auf Grundlage von bisherigen Projekten kalkuliert und gesch\u00e4tzt worden und stellen daher noch keine Endkosten dar. Bitte haben Sie Verst\u00e4ndnis, wenn im Kongo aufgrund von Unvorhergesehenem die tats\u00e4chlichen Kosten abweichen. Ihre Spende kommt zu 100% dem Projekt zu gute. Kosten f\u00fcr \u00dcberweisungen \u00fcbernehmen die Kirchengemeinden. Bauteil West &hellip; <\/p>\n","protected":false},"author":1,"featured_media":516,"parent":0,"menu_order":0,"comment_status":"closed","ping_status":"closed","template":"","meta":{"footnotes":""},"class_list":["post-111","page","type-page","status-publish","has-post-thumbnail","hentry"],"translation":{"provider":"WPGlobus","version":"3.0.0","language":"fr","enabled_languages":["en","es","de","fr","ru"],"languages":{"en":{"title":true,"content":true,"excerpt":false},"es":{"title":false,"content":false,"excerpt":false},"de":{"title":true,"content":true,"excerpt":false},"fr":{"title":false,"content":false,"excerpt":false},"ru":{"title":false,"content":false,"excerpt":false}}},"jetpack_sharing_enabled":true,"_links":{"self":[{"href":"https:\/\/schulprojekt.fischersmarketing.de\/fr\/wp-json\/wp\/v2\/pages\/111","targetHints":{"allow":["GET"]}}],"collection":[{"href":"https:\/\/schulprojekt.fischersmarketing.de\/fr\/wp-json\/wp\/v2\/pages"}],"about":[{"href":"https:\/\/schulprojekt.fischersmarketing.de\/fr\/wp-json\/wp\/v2\/types\/page"}],"author":[{"embeddable":true,"href":"https:\/\/schulprojekt.fischersmarketing.de\/fr\/wp-json\/wp\/v2\/users\/1"}],"replies":[{"embeddable":true,"href":"https:\/\/schulprojekt.fischersmarketing.de\/fr\/wp-json\/wp\/v2\/comments?post=111"}],"version-history":[{"count":17,"href":"https:\/\/schulprojekt.fischersmarketing.de\/fr\/wp-json\/wp\/v2\/pages\/111\/revisions"}],"predecessor-version":[{"id":976,"href":"https:\/\/schulprojekt.fischersmarketing.de\/fr\/wp-json\/wp\/v2\/pages\/111\/revisions\/976"}],"wp:featuredmedia":[{"embeddable":true,"href":"https:\/\/schulprojekt.fischersmarketing.de\/fr\/wp-json\/wp\/v2\/media\/516"}],"wp:attachment":[{"href":"https:\/\/schulprojekt.fischersmarketing.de\/fr\/wp-json\/wp\/v2\/media?parent=111"}],"curies":[{"name":"wp","href":"https:\/\/api.w.org\/{rel}","templated":true}]}}