{"id":116,"date":"2020-06-18T09:17:54","date_gmt":"2020-06-18T07:17:54","guid":{"rendered":"http:\/\/schulprojekt.fischersmarketing.de\/?page_id=116"},"modified":"2020-12-02T10:23:19","modified_gmt":"2020-12-02T09:23:19","slug":"wie-gelangt-das-geld-nach-taragini","status":"publish","type":"page","link":"https:\/\/schulprojekt.fischersmarketing.de\/fr\/wie-gelangt-das-geld-nach-taragini\/","title":{"rendered":"Wie gelangt mein Geld nach Taragini?"},"content":{"rendered":"\n<p>\u2022 Sie k\u00f6nnen Ihre Spende gegen Spendenquittung auf das Konto der katholischen Kirchengemeinden Waldenbuch\/Steinenbronn (Kennwort: Schulprojekt Taragini) oder Weil\/Dettenhausen (Kennwort: Kongo) \u00fcberweisen oder im jeweiligen Pfarrb\u00fcro abgeben. <\/p>\n\n\n\n<p>\u2022 Die Kirchengemeinden \u00fcberweisen das Geld auf das Konto der Organisation ACDC mit Sitz in K\u00f6ln und Kinshasa, Kongo. Nur Pfarrer Jean-R\u00e9mi Kokaya Dalo hat Zugang zum Konto und gibt das Geld in der Landesw\u00e4hrung weiter. Alles wird hierbei genau dokumentiert und von den jeweiligen Verantwortlichen unterschrieben.<\/p>\n\n\n\n<p>\u2022 Ihre Spende kommt zu 100% dem Projekt zu gute. Kosten f\u00fcr \u00dcberweisungen \u00fcbernehmen die Kirchengemeinden.<\/p>\n\n\n\n<p>\u2022 Die Organisation ACDC kauft mit Hilfe vom leitenden Pfarrer vor Ort, Jos\u00e9 Abakaya die Materialien ein und organisiert die Umsetzung vor Ort. Der leitender Pfarrer berichtet direkt an Pfarrer Kokaya (siehe Report).<\/p>\n\n\n\n<h2 class=\"wp-block-heading\">Der Report<\/h2>\n\n\n\n<p>\u2022 Zu jedem Bauabschnitt gibt es offizielle Reports mit Fotografien und den genauen Ausgaben. <\/p>\n\n\n\n<p>\u2022 Diese Reports werden regelm\u00e4\u00dfig von der Organisation ACDC und dem Architekten erstellt und vom leitenden Pfarrer Jos\u00e9 Abakaya kontrolliert und gegengezeichnet. <\/p>\n\n\n\n<p>\u2022 Ihre Spende kann so sicher zugeordnet werden. <\/p>\n\n\n\n<figure class=\"wp-block-image size-large\"><img loading=\"lazy\" decoding=\"async\" width=\"768\" height=\"1024\" src=\"https:\/\/schulprojekt.fischersmarketing.de\/wp-content\/uploads\/2020\/11\/PHOTO-2020-01-06-15-46-06.jpg\" alt=\"\" class=\"wp-image-516\" srcset=\"https:\/\/schulprojekt.fischersmarketing.de\/wp-content\/uploads\/2020\/11\/PHOTO-2020-01-06-15-46-06.jpg 768w, https:\/\/schulprojekt.fischersmarketing.de\/wp-content\/uploads\/2020\/11\/PHOTO-2020-01-06-15-46-06-225x300.jpg 225w, https:\/\/schulprojekt.fischersmarketing.de\/wp-content\/uploads\/2020\/11\/PHOTO-2020-01-06-15-46-06-45x60.jpg 45w, https:\/\/schulprojekt.fischersmarketing.de\/wp-content\/uploads\/2020\/11\/PHOTO-2020-01-06-15-46-06-600x800.jpg 600w\" sizes=\"auto, (max-width: 768px) 100vw, 768px\" \/><\/figure>\n","protected":false},"excerpt":{"rendered":"<p>\u2022 Sie k\u00f6nnen Ihre Spende gegen Spendenquittung auf das Konto der katholischen Kirchengemeinden Waldenbuch\/Steinenbronn (Kennwort: Schulprojekt Taragini) oder Weil\/Dettenhausen (Kennwort: Kongo) \u00fcberweisen oder im jeweiligen Pfarrb\u00fcro abgeben. \u2022 Die Kirchengemeinden \u00fcberweisen das Geld auf das Konto der Organisation ACDC mit Sitz in K\u00f6ln und Kinshasa, Kongo. Nur Pfarrer Jean-R\u00e9mi Kokaya Dalo hat Zugang zum Konto &hellip; <\/p>\n","protected":false},"author":1,"featured_media":474,"parent":0,"menu_order":0,"comment_status":"closed","ping_status":"closed","template":"","meta":{"footnotes":""},"class_list":["post-116","page","type-page","status-publish","has-post-thumbnail","hentry"],"translation":{"provider":"WPGlobus","version":"3.0.0","language":"fr","enabled_languages":["en","es","de","fr","ru"],"languages":{"en":{"title":true,"content":true,"excerpt":false},"es":{"title":false,"content":false,"excerpt":false},"de":{"title":false,"content":false,"excerpt":false},"fr":{"title":false,"content":false,"excerpt":false},"ru":{"title":false,"content":false,"excerpt":false}}},"jetpack_sharing_enabled":true,"_links":{"self":[{"href":"https:\/\/schulprojekt.fischersmarketing.de\/fr\/wp-json\/wp\/v2\/pages\/116","targetHints":{"allow":["GET"]}}],"collection":[{"href":"https:\/\/schulprojekt.fischersmarketing.de\/fr\/wp-json\/wp\/v2\/pages"}],"about":[{"href":"https:\/\/schulprojekt.fischersmarketing.de\/fr\/wp-json\/wp\/v2\/types\/page"}],"author":[{"embeddable":true,"href":"https:\/\/schulprojekt.fischersmarketing.de\/fr\/wp-json\/wp\/v2\/users\/1"}],"replies":[{"embeddable":true,"href":"https:\/\/schulprojekt.fischersmarketing.de\/fr\/wp-json\/wp\/v2\/comments?post=116"}],"version-history":[{"count":13,"href":"https:\/\/schulprojekt.fischersmarketing.de\/fr\/wp-json\/wp\/v2\/pages\/116\/revisions"}],"predecessor-version":[{"id":654,"href":"https:\/\/schulprojekt.fischersmarketing.de\/fr\/wp-json\/wp\/v2\/pages\/116\/revisions\/654"}],"wp:featuredmedia":[{"embeddable":true,"href":"https:\/\/schulprojekt.fischersmarketing.de\/fr\/wp-json\/wp\/v2\/media\/474"}],"wp:attachment":[{"href":"https:\/\/schulprojekt.fischersmarketing.de\/fr\/wp-json\/wp\/v2\/media?parent=116"}],"curies":[{"name":"wp","href":"https:\/\/api.w.org\/{rel}","templated":true}]}}