{"id":50,"date":"2020-03-05T18:58:19","date_gmt":"2020-03-05T17:58:19","guid":{"rendered":"http:\/\/schulprojekt.fischersmarketing.de\/spendenverlauf\/"},"modified":"2021-10-07T14:31:05","modified_gmt":"2021-10-07T12:31:05","slug":"spendenverlauf","status":"publish","type":"page","link":"https:\/\/schulprojekt.fischersmarketing.de\/fr\/spendenverlauf\/","title":{"rendered":"Spenden"},"content":{"rendered":"\n<h4 class=\"has-text-align-left wp-block-heading\"><strong><span class=\"has-inline-color has-vivid-red-color\">WIR SUCHEN DRINGEND EINEN STROMGENERATOR!<\/span><\/strong><\/h4>\n\n\n\n<p>Bitte richten Sie Ihre Spende an:<\/p>\n\n\n\n<figure class=\"wp-block-table is-style-regular\"><table class=\"has-fixed-layout\"><tbody><tr><td class=\"has-text-align-left\" data-align=\"left\"><strong>Kath. Kirchengemeinde <\/strong><br><strong>Waldenbuch\/Steinenbronn<\/strong><\/td><td class=\"has-text-align-left\" data-align=\"left\"><strong>Kath. Kirchengemeinde Weil-Dettenhausen <\/strong>                                                                                                                 <\/td><\/tr><tr><td class=\"has-text-align-left\" data-align=\"left\">Spendenkonto: <br>Kreissparkasse B\u00f6blingen<br>IBAN: DE11 6035 0130 0002 0119 25<br>BIC&nbsp;: BBKRDE6BXXX<br><br>Verwendungszweck: \u201eSchulprojekt Taragini\u201c<br><br>Sie erhalten eine Spendenquittung \u00fcber das katholische Pfarramt Waldenbuch-Steinenbronn.<br><br>Bitte geben Sie im Pfarrb\u00fcro zudem an, wenn Sie auf dem Spendenstein im Schulhof verewigt werden m\u00f6chten.<\/td><td class=\"has-text-align-left\" data-align=\"left\">Spendenkonto: Genossenschaftsbank Weil im Sch\u00f6nbuch<br>IBAN DE94 6006 9224 0000 4170 09<br>BIC: GEN0DES1GWS<br><br>Verwendungszweck: &#8220;Kongo&#8221;<br><br>Sie erhalten eine Spendenquittung \u00fcber das katholische Pfarramt Weil-Dettenhausen.<br><br>Bitte geben Sie im Pfarrb\u00fcro zudem an, wenn Sie auf dem Spendenstein im Schulhof verewigt werden m\u00f6chten.<\/td><\/tr><tr><td class=\"has-text-align-left\" data-align=\"left\"><strong>Katholische Kirchengemeinde St. Martinus<\/strong><br>Breslauer Str. 1<br>71111 Waldenbuch<br><br>Tel:&nbsp; 07157 538411-0<br>Fax: 07157 538411-9<br><br><a>kathpfarramt.waldenbuch-steinenbronn@drs.de<\/a><br><br>\u00d6ffnungszeiten<br>Dienstag &nbsp;&nbsp; 10:00-12:00 Uhr<br>Mittwoch&nbsp;&nbsp; 16:00-18:00 Uhr<br>Freitag &nbsp; &nbsp; &nbsp; 10:00-12:00 Uhr<\/td><td class=\"has-text-align-left\" data-align=\"left\"><strong>Katholische Kirchengemeinde St. Johannes Baptist<\/strong><br>Bachstra\u00dfe 17<br>71093 Weil im Sch\u00f6nbuch<br><br>Tel.: 07157 53832-0<br>Fax: 07157 53832-29<br><br><a href=\"mailto:StJohannesBaptist.WeilimSchoenbuch@drs.de\" target=\"_blank\" rel=\"noreferrer noopener\">StJohannesBaptist.WeilimSchoenbuch@drs.de<\/a><br><br>\u00d6ffnungszeiten<br>Montag 9:30 &#8211; 12:00 Uhr&nbsp;&nbsp;&nbsp;&nbsp;&nbsp;&nbsp;&nbsp;&nbsp;&nbsp;&nbsp;&nbsp;&nbsp;&nbsp;&nbsp;&nbsp;&nbsp;&nbsp;&nbsp;&nbsp;&nbsp;&nbsp;&nbsp;&nbsp;&nbsp;&nbsp;&nbsp;&nbsp;&nbsp;&nbsp;&nbsp;&nbsp;&nbsp;&nbsp;&nbsp;&nbsp;&nbsp;&nbsp;&nbsp;&nbsp;&nbsp;&nbsp;&nbsp;&nbsp;&nbsp;<br>Dienstag 9:30 &#8211; 12:00 Uhr<br>Mittwoch 16:00 &#8211; 18:00 Uhr<br>Freitag 10:00 &#8211; 12:00 Uhr <\/td><\/tr><\/tbody><\/table><\/figure>\n\n\n\n<div style=\"height:100px\" aria-hidden=\"true\" class=\"wp-block-spacer\"><\/div>\n\n\n\n<h2 class=\"has-text-align-center wp-block-heading\">DANKESCH\u00d6N!<\/h2>\n\n\n\n<div class=\"wp-block-image\"><figure class=\"aligncenter size-large\"><img loading=\"lazy\" decoding=\"async\" width=\"480\" height=\"640\" src=\"https:\/\/schulprojekt.fischersmarketing.de\/wp-content\/uploads\/2020\/11\/Unknown-13.jpeg\" alt=\"\" class=\"wp-image-493\" srcset=\"https:\/\/schulprojekt.fischersmarketing.de\/wp-content\/uploads\/2020\/11\/Unknown-13.jpeg 480w, https:\/\/schulprojekt.fischersmarketing.de\/wp-content\/uploads\/2020\/11\/Unknown-13-225x300.jpeg 225w, https:\/\/schulprojekt.fischersmarketing.de\/wp-content\/uploads\/2020\/11\/Unknown-13-45x60.jpeg 45w\" sizes=\"auto, (max-width: 480px) 100vw, 480px\" \/><\/figure><\/div>\n\n\n\n<p><\/p>\n","protected":false},"excerpt":{"rendered":"<p>WIR SUCHEN DRINGEND EINEN STROMGENERATOR! Bitte richten Sie Ihre Spende an: Kath. Kirchengemeinde Waldenbuch\/Steinenbronn Kath. Kirchengemeinde Weil-Dettenhausen Spendenkonto: Kreissparkasse B\u00f6blingenIBAN: DE11 6035 0130 0002 0119 25BIC&nbsp;: BBKRDE6BXXX Verwendungszweck: \u201eSchulprojekt Taragini\u201c Sie erhalten eine Spendenquittung \u00fcber das katholische Pfarramt Waldenbuch-Steinenbronn. Bitte geben Sie im Pfarrb\u00fcro zudem an, wenn Sie auf dem Spendenstein im Schulhof verewigt werden &hellip; <\/p>\n","protected":false},"author":1,"featured_media":493,"parent":0,"menu_order":0,"comment_status":"closed","ping_status":"closed","template":"","meta":{"footnotes":""},"class_list":["post-50","page","type-page","status-publish","has-post-thumbnail","hentry"],"translation":{"provider":"WPGlobus","version":"3.0.0","language":"fr","enabled_languages":["en","es","de","fr","ru"],"languages":{"en":{"title":true,"content":true,"excerpt":false},"es":{"title":false,"content":false,"excerpt":false},"de":{"title":false,"content":false,"excerpt":false},"fr":{"title":false,"content":false,"excerpt":false},"ru":{"title":false,"content":false,"excerpt":false}}},"jetpack_sharing_enabled":true,"_links":{"self":[{"href":"https:\/\/schulprojekt.fischersmarketing.de\/fr\/wp-json\/wp\/v2\/pages\/50","targetHints":{"allow":["GET"]}}],"collection":[{"href":"https:\/\/schulprojekt.fischersmarketing.de\/fr\/wp-json\/wp\/v2\/pages"}],"about":[{"href":"https:\/\/schulprojekt.fischersmarketing.de\/fr\/wp-json\/wp\/v2\/types\/page"}],"author":[{"embeddable":true,"href":"https:\/\/schulprojekt.fischersmarketing.de\/fr\/wp-json\/wp\/v2\/users\/1"}],"replies":[{"embeddable":true,"href":"https:\/\/schulprojekt.fischersmarketing.de\/fr\/wp-json\/wp\/v2\/comments?post=50"}],"version-history":[{"count":12,"href":"https:\/\/schulprojekt.fischersmarketing.de\/fr\/wp-json\/wp\/v2\/pages\/50\/revisions"}],"predecessor-version":[{"id":767,"href":"https:\/\/schulprojekt.fischersmarketing.de\/fr\/wp-json\/wp\/v2\/pages\/50\/revisions\/767"}],"wp:featuredmedia":[{"embeddable":true,"href":"https:\/\/schulprojekt.fischersmarketing.de\/fr\/wp-json\/wp\/v2\/media\/493"}],"wp:attachment":[{"href":"https:\/\/schulprojekt.fischersmarketing.de\/fr\/wp-json\/wp\/v2\/media?parent=50"}],"curies":[{"name":"wp","href":"https:\/\/api.w.org\/{rel}","templated":true}]}}